{"id":45,"date":"2026-02-18T11:35:24","date_gmt":"2026-02-18T10:35:24","guid":{"rendered":"https:\/\/top-line.wpdrift.dev\/?page_id=45"},"modified":"2026-04-01T09:39:35","modified_gmt":"2026-04-01T07:39:35","slug":"om-os","status":"publish","type":"page","link":"https:\/\/www.top-line.dk\/da\/om-os\/","title":{"rendered":"Om os"},"content":{"rendered":"\r\n<p>Dette er en eksempelside. Den er forskellig fra et blogindl\u00e6g fordi at den vil forblive \u00e9t sted og vil dukke op i dit websteds navigation (i de fleste temaer). De fleste folk starter med en Om side der introducerer dem til potentielle bes\u00f8gende p\u00e5 webstedet. Der kunne for eksempel st\u00e5:<\/p>\r\n\r\n\r\n\r\n<blockquote class=\"wp-block-quote is-layout-flow wp-block-quote-is-layout-flow\">\r\n<p>Hej! Jeg er et cykelbud om dagen, aspirerende skuespiller om natten, og dette er mit websted. Jeg bor i Los Angeles, har en fantastisk hund der hedder Jack, og jeg elsker pi\u00f1a coladas. (Og at blive fanget i regnen.)<\/p>\r\n<\/blockquote>\r\n\r\n\r\n\r\n<p>&#8230;eller noget i denne stil:<\/p>\r\n\r\n\r\n\r\n<blockquote class=\"wp-block-quote is-layout-flow wp-block-quote-is-layout-flow\">\r\n<p>Firmaet XYZ Dingenot blev grundlagt i 1971, og har siden da leveret kvalitetsdingenoter til offentligheden. XYZ er beliggende i Gotham City og besk\u00e6ftiger over 2.000 mennesker og g\u00f8r alle slags fantastiske ting for Gotham-samfundet.<\/p>\r\n<\/blockquote>\r\n\r\n\r\n\r\n<p>Som ny WordPress-bruger b\u00f8r du g\u00e5 til <a href=\"http:\/\/www.top-line.dk\/wp\/wp-admin\/\">dit kontrolpanel<\/a> for at slette denne side og oprette nye sider til dit indhold. Hav det sjovt!<\/p>\r\n","protected":false},"excerpt":{"rendered":"<p>Dette er en eksempelside. Den er forskellig fra et blogindl\u00e6g fordi at den vil forblive \u00e9t sted og vil dukke op i dit websteds navigation (i de fleste temaer). De fleste folk starter med en Om side der introducerer dem til potentielle bes\u00f8gende p\u00e5 webstedet. Der kunne for eksempel st\u00e5: Hej! Jeg er et cykelbud &hellip; <a href=\"https:\/\/www.top-line.dk\/da\/om-os\/\">Continued<\/a><\/p>\n","protected":false},"author":1,"featured_media":0,"parent":0,"menu_order":0,"comment_status":"closed","ping_status":"closed","template":"template-modules.blade.php","meta":{"_acf_changed":false,"_seopress_robots_primary_cat":"","_seopress_titles_title":"","_seopress_titles_desc":"","_seopress_robots_index":"","_relevanssi_hide_post":"","_relevanssi_hide_content":"","_relevanssi_pin_for_all":"","_relevanssi_pin_keywords":"","_relevanssi_unpin_keywords":"","_relevanssi_related_keywords":"","_relevanssi_related_include_ids":"","_relevanssi_related_exclude_ids":"","_relevanssi_related_no_append":"","_relevanssi_related_not_related":"","_relevanssi_related_posts":"","_relevanssi_noindex_reason":"","footnotes":""},"class_list":["post-45","page","type-page","status-publish","hentry"],"acf":[],"_links":{"self":[{"href":"https:\/\/www.top-line.dk\/da\/wp-json\/wp\/v2\/pages\/45","targetHints":{"allow":["GET"]}}],"collection":[{"href":"https:\/\/www.top-line.dk\/da\/wp-json\/wp\/v2\/pages"}],"about":[{"href":"https:\/\/www.top-line.dk\/da\/wp-json\/wp\/v2\/types\/page"}],"author":[{"embeddable":true,"href":"https:\/\/www.top-line.dk\/da\/wp-json\/wp\/v2\/users\/1"}],"replies":[{"embeddable":true,"href":"https:\/\/www.top-line.dk\/da\/wp-json\/wp\/v2\/comments?post=45"}],"version-history":[{"count":7,"href":"https:\/\/www.top-line.dk\/da\/wp-json\/wp\/v2\/pages\/45\/revisions"}],"predecessor-version":[{"id":166,"href":"https:\/\/www.top-line.dk\/da\/wp-json\/wp\/v2\/pages\/45\/revisions\/166"}],"wp:attachment":[{"href":"https:\/\/www.top-line.dk\/da\/wp-json\/wp\/v2\/media?parent=45"}],"curies":[{"name":"wp","href":"https:\/\/api.w.org\/{rel}","templated":true}]}}